{"id":38,"date":"2020-05-25T14:41:09","date_gmt":"2020-05-25T14:41:09","guid":{"rendered":"https:\/\/officinafrida.it\/perlacultura\/?page_id=38"},"modified":"2020-05-25T16:52:36","modified_gmt":"2020-05-25T16:52:36","slug":"privacy-policy","status":"publish","type":"page","link":"https:\/\/officinafrida.it\/perlacultura\/privacy-policy\/","title":{"rendered":"Privacy policy"},"content":{"rendered":"<div id=\"node-688792\" class=\"node node-page colorme_gray clearfix\" data-pos=\"\">\n<div id=\"text_body\" class=\"textcontainer entry-content content\">\n<h1>Privacy Policy<\/h1>\n<div class=\"field field-name-body field-type-text-with-summary field-label-hidden\">\n<div class=\"field-items\">\n<div class=\"field-item even\">\n<h2>Informativa al trattamento dei dati<\/h2>\n<p>La informiamo, ai sensi della vigente normativa in materia di dati personali nel quadro del Regolamento Ue 2016\/679 (nel prosieguo, per brevit\u00e0, il &#8220;GDPR&#8221;), che i dati personali forniti in sede registrazione a FRIDA societ\u00e0 cooperativa (di seguito il &#8220;Servizio&#8221;) saranno raccolti e registrati da FRIDA societ\u00e0 cooperativa &#8211; quale Titolare del trattamento &#8211; su supporti cartacei, elettronici e\/o informatici e\/o telematici protetti e trattati con modalit\u00e0 idonee a garantire la sicurezza e la riservatezza nel rispetto delle disposizioni del GDPR.<\/p>\n<p>La informiamo che i dati fornitici verranno utilizzati per finalit\u00e0 strettamente connesse e strumentali alla esecuzione del Servizio stesso o di quanto da lei eventualmente richiesto e per permetterle di partecipare alle nostre iniziative. Tali dati potranno essere memorizzati per il tempo necessario alla fornitura del servizio e per gestire anche in futuro sue analoghe richieste.<\/p>\n<p>Per l&#8217;esecuzione e gestione del Servizio e l&#8217;assolvimento di ogni altro onere di legge i suoi dati potranno essere portati a conoscenza di dipendenti e collaboratori di FRIDA societ\u00e0 cooperativa e\/o di societ\u00e0 controllanti e\/o collegate (di seguito, le &#8220;Societ\u00e0 del Gruppo&#8221;), loro consulenti legali, fiscali, banche, societ\u00e0 per la consegna a domicilio, per la postalizzazione e per il data entry. Il conferimento dei dati personali per tali finalit\u00e0 \u00e8 indispensabile per la erogazione del predetto Servizio.<\/p>\n<p>Previo suo consenso, i dati conferiti potranno essere utilizzati da FRIDA societ\u00e0 cooperativa e dalle Societ\u00e0 del Gruppo per finalit\u00e0 promozionali, pubblicitarie e di marketing quali l&#8217;invio di materiale pubblicitario, promozionale ed informativo su prodotti e servizi, analisi statistiche dirette a rilevare il grado di soddisfazione dei servizi\/prodotti offerti. Sempre previo suo consenso, i dati potranno altres\u00ec essere comunicati ad altre societ\u00e0 operanti nel settore editoriale, comunicazione e marketing, largo consumo e distribuzione, finanziario, assicurativo, automobilistico, del commercio elettronico, dei servizi e ad organizzazioni umanitarie e benefiche, le quali potranno utilizzarli per le medesime finalit\u00e0 sopra illustrate.<\/p>\n<p>Infine con il suo consenso i dati potranno essere utilizzati per attivit\u00e0 di profilazione e per farla partecipare a ricerche di mercato.<\/p>\n<h2>Titolare e responsabile della protezione dei dati personali<\/h2>\n<p>Titolare del trattamento dei dati personali \u00e8 FRIDA societ\u00e0 cooperativa. Il responsabile della protezione dei dati \u00e8 contattabile scrivendo presso la sede del Titolare o all&#8217;indirizzo email officinafrida@gmail.com.<\/p>\n<h2>Diritti degli interessati<\/h2>\n<p>Ai sensi della vigente normativa in materia di dati personali l\u2019interessato in ogni momento potr\u00e0 esercitare i Suoi diritti tra cui ottenere la conferma dell\u2019esistenza o meno dei suoi dati personali, conoscerne il contenuto e l\u2019origine, verificarne l\u2019esattezza, chiederne l\u2019integrazione, l\u2019aggiornamento, la rettificazione, ottenerne la cancellazione, la trasformazione in forma anonima, il blocco dei dati trattati in violazione di legge, opporsi al trattamento per motivi legittimi anche limitatamente ad una singola modalit\u00e0 utilizzata per il trattamento. L\u2019interessato pu\u00f2 inoltre chiedere la limitazione dei trattamenti ed esercitare il diritto alla portabilit\u00e0 dei dati. Inoltre l\u2019interessato pu\u00f2 presentare reclamo al Garante per la protezione dei dati personali.<\/p>\n<h2>Contatti<\/h2>\n<p>L\u2019Utente pu\u00f2 esercitare i diritti riconosciuti dalla vigente normativa e sottoporre qualsiasi sua richiesta, domanda, commento, o contestazione in merito alla presente informativa, o alle modalit\u00e0 con cui i dati personali sono trattati nel Sito ai seguenti recapiti: +39 348 556 4186.<\/p>\n<p>L&#8217; elenco aggiornato recante i nominativi dei Responsabili del trattamento dei dati, delle Societ\u00e0 del Gruppo e delle altre societ\u00e0 terze a cui potranno essere comunicati i suoi dati \u00e8 conservato presso gli uffici della predetta sede legale.<\/p>\n<\/div>\n<\/div>\n<\/div>\n<\/div>\n<\/div>\n","protected":false},"excerpt":{"rendered":"<p>Privacy Policy Informativa al trattamento dei dati La informiamo, ai sensi della vigente normativa in materia di dati personali nel quadro del Regolamento Ue 2016\/679 (nel prosieguo, per brevit\u00e0, il &#8220;GDPR&#8221;), che i dati personali forniti in sede registrazione a FRIDA societ\u00e0 cooperativa (di seguito il &#8220;Servizio&#8221;) saranno raccolti e registrati da FRIDA societ\u00e0 cooperativa &hellip; <\/p>\n<p class=\"link-more\"><a href=\"https:\/\/officinafrida.it\/perlacultura\/privacy-policy\/\" class=\"more-link\">Leggi tutto<span class=\"screen-reader-text\"> &#8220;Privacy policy&#8221;<\/span><\/a><\/p>\n","protected":false},"author":1,"featured_media":0,"parent":0,"menu_order":0,"comment_status":"closed","ping_status":"closed","template":"","meta":{"footnotes":""},"class_list":["post-38","page","type-page","status-publish","hentry"],"_links":{"self":[{"href":"https:\/\/officinafrida.it\/perlacultura\/wp-json\/wp\/v2\/pages\/38","targetHints":{"allow":["GET"]}}],"collection":[{"href":"https:\/\/officinafrida.it\/perlacultura\/wp-json\/wp\/v2\/pages"}],"about":[{"href":"https:\/\/officinafrida.it\/perlacultura\/wp-json\/wp\/v2\/types\/page"}],"author":[{"embeddable":true,"href":"https:\/\/officinafrida.it\/perlacultura\/wp-json\/wp\/v2\/users\/1"}],"replies":[{"embeddable":true,"href":"https:\/\/officinafrida.it\/perlacultura\/wp-json\/wp\/v2\/comments?post=38"}],"version-history":[{"count":2,"href":"https:\/\/officinafrida.it\/perlacultura\/wp-json\/wp\/v2\/pages\/38\/revisions"}],"predecessor-version":[{"id":250,"href":"https:\/\/officinafrida.it\/perlacultura\/wp-json\/wp\/v2\/pages\/38\/revisions\/250"}],"wp:attachment":[{"href":"https:\/\/officinafrida.it\/perlacultura\/wp-json\/wp\/v2\/media?parent=38"}],"curies":[{"name":"wp","href":"https:\/\/api.w.org\/{rel}","templated":true}]}}